
{"id":5,"date":"2007-03-30T17:34:24","date_gmt":"2007-03-30T15:34:24","guid":{"rendered":"http:\/\/10.254.200.102\/wordpress\/?page_id=8"},"modified":"2016-09-30T19:07:32","modified_gmt":"2016-09-30T17:07:32","slug":"la-storia","status":"publish","type":"page","link":"http:\/\/www.athleticteampioltello.it\/?page_id=5","title":{"rendered":"Storia"},"content":{"rendered":"<p><img loading=\"lazy\" decoding=\"async\" class=\"alignright size-thumbnail wp-image-686\" title=\"LaStoria\" src=\"http:\/\/www.athleticteampioltello.it\/wp-content\/uploads\/2007\/03\/LaStoria-150x150.jpg\" alt=\"\" width=\"150\" height=\"150\" srcset=\"http:\/\/www.athleticteampioltello.it\/wp-content\/uploads\/2007\/03\/LaStoria-150x150.jpg 150w, http:\/\/www.athleticteampioltello.it\/wp-content\/uploads\/2007\/03\/LaStoria-36x36.jpg 36w, http:\/\/www.athleticteampioltello.it\/wp-content\/uploads\/2007\/03\/LaStoria-115x115.jpg 115w\" sizes=\"auto, (max-width: 150px) 100vw, 150px\" \/>Il primo nucleo dell&#8217;Athletic Team, allora Atletica Seggiano, si forma alla fine del 1974. L&#8217;attivit\u00e0 agonistica cominci\u00f2 nella primavera del 1975. Da allora l&#8217;Athletic Team \u00e8 sempre stato presente sul territorio impegnandosi attivamente all&#8217;interno della Consulta Sportiva.<\/p>\n<p>In questi trenta e passa anni la Societ\u00e0 ha sempre proposto un&#8217;attivit\u00e0 per tutti e non solo per i pi\u00f9 forti. Ha cercato di portare avanti il cosiddetto &#8220;Sport Sociale&#8221; attraverso corse per tutti, gite, feste, stages, corsi di ginnastica di mantenimento.<\/p>\n<p>Da qualche anno anno la sede operativa \u00e8 il campo sportivo di Via Piemonte, fornito di una bellissima pista di atletica che soprattutto nella fase invernale diventa un luogo accogliente fornita di illuminazione, docce, una piccola palestra attrezzata ed una sala massaggi.<\/p>\n<p>Lo sviluppo tecnico per l&#8217;Athletic Team \u00e8 stato fondamentale. Al nostro interno sono cresciuti e maturati molti tecnici che hanno frequentato e superato i corsi allenatori FIDAL (Federazione Italiana di Atletica Leggera). Operano tutti volontariamente.<\/p>\n<p>In questi anni di proposta di &#8220;Sport per tutti&#8221; il Team si \u00e8 distinto nel proporre in maniera concreta lo &#8220;Sport al femminile&#8221;. Dalla nascita la nostra societ\u00e0 ha sempre avuto un forte e nutrito Settore femminile. Spesso le nostre ragazze sono state punto di riferimento in molte manifestazioni a carattere regionale e provinciale.<\/p>\n<p>I colori sociali dell&#8217;Athletic Team sono: rosso, bianco e blu<\/p>\n","protected":false},"excerpt":{"rendered":"<p>Il primo nucleo dell&#8217;Athletic Team, allora Atletica Seggiano, si forma alla fine del 1974. L&#8217;attivit\u00e0 agonistica cominci\u00f2 nella primavera del 1975. Da allora l&#8217;Athletic Team \u00e8 sempre stato presente sul [&hellip;]<\/p>\n","protected":false},"author":1,"featured_media":707,"parent":4,"menu_order":0,"comment_status":"closed","ping_status":"open","template":"","meta":{"footnotes":""},"class_list":["post-5","page","type-page","status-publish","has-post-thumbnail","hentry"],"_links":{"self":[{"href":"http:\/\/www.athleticteampioltello.it\/index.php?rest_route=\/wp\/v2\/pages\/5","targetHints":{"allow":["GET"]}}],"collection":[{"href":"http:\/\/www.athleticteampioltello.it\/index.php?rest_route=\/wp\/v2\/pages"}],"about":[{"href":"http:\/\/www.athleticteampioltello.it\/index.php?rest_route=\/wp\/v2\/types\/page"}],"author":[{"embeddable":true,"href":"http:\/\/www.athleticteampioltello.it\/index.php?rest_route=\/wp\/v2\/users\/1"}],"replies":[{"embeddable":true,"href":"http:\/\/www.athleticteampioltello.it\/index.php?rest_route=%2Fwp%2Fv2%2Fcomments&post=5"}],"version-history":[{"count":8,"href":"http:\/\/www.athleticteampioltello.it\/index.php?rest_route=\/wp\/v2\/pages\/5\/revisions"}],"predecessor-version":[{"id":106,"href":"http:\/\/www.athleticteampioltello.it\/index.php?rest_route=\/wp\/v2\/pages\/5\/revisions\/106"}],"up":[{"embeddable":true,"href":"http:\/\/www.athleticteampioltello.it\/index.php?rest_route=\/wp\/v2\/pages\/4"}],"wp:featuredmedia":[{"embeddable":true,"href":"http:\/\/www.athleticteampioltello.it\/index.php?rest_route=\/wp\/v2\/media\/707"}],"wp:attachment":[{"href":"http:\/\/www.athleticteampioltello.it\/index.php?rest_route=%2Fwp%2Fv2%2Fmedia&parent=5"}],"curies":[{"name":"wp","href":"https:\/\/api.w.org\/{rel}","templated":true}]}}