
{"id":7,"date":"2007-03-30T21:01:50","date_gmt":"2007-03-30T19:01:50","guid":{"rendered":"http:\/\/192.168.1.100\/wordpress\/?page_id=11"},"modified":"2011-03-22T14:28:33","modified_gmt":"2011-03-22T13:28:33","slug":"statuto","status":"publish","type":"page","link":"https:\/\/www.athleticteampioltello.it\/?page_id=7","title":{"rendered":"Statuto dell&#8217;Athletic Team"},"content":{"rendered":"<p><img loading=\"lazy\" decoding=\"async\" src=\"http:\/\/www.athleticteampioltello.it\/wp-content\/uploads\/2007\/03\/statuto1-150x150.jpg\" alt=\"\" title=\"statuto\" width=\"150\" height=\"150\" class=\"alignright size-thumbnail wp-image-692\" srcset=\"https:\/\/www.athleticteampioltello.it\/wp-content\/uploads\/2007\/03\/statuto1-150x150.jpg 150w, https:\/\/www.athleticteampioltello.it\/wp-content\/uploads\/2007\/03\/statuto1-36x36.jpg 36w, https:\/\/www.athleticteampioltello.it\/wp-content\/uploads\/2007\/03\/statuto1-115x115.jpg 115w\" sizes=\"auto, (max-width: 150px) 100vw, 150px\" \/><\/p>\n<h3>ART. 1<\/h3>\n<p>L&#8217;associazione Dilettantistica ATHLETIC TEAM \u00e8 un&#8217;associazione sportiva senza scopo di lucro, costituita a tempo indeterminato, che ha come fine la promozione di un movimento che viva l&#8217;esperienza dello sport in modo associativo, culturale, ricreativo, autogestito. Essa considera l&#8217;agonismo come confronto cavalleresco, dove tutti i partecipanti sono importanti al pari del vincitore. Per il perseguimento di tale fine l&#8217;ATHLETIC TEAM  si pone come suoi compiti fondamentali: la proposta costante dello sport a tutti: ai giovani ed ai meno giovani; l&#8217;organizzazione dell&#8217;attivit\u00e0 (tecnica, agonistica, ricreativa ed associativa): la ricerca di collaborazione con le famiglie degli atleti; gli interventi nelle istituzioni educative e sociali affinch\u00e9 lo sport sia riconosciuto come un diritto; la ricerca delle necessarie iniziative perch\u00e9 vengano istituiti servizi pubblici adeguati per la pratica e l&#8217;assistenza delle attivit\u00e0 sportive.<\/p>\n<h3>ART. 2<\/h3>\n<p>L\u2019associazione garantisce pari opportunit\u00e0 tra uomo e donna ed i diritti fondamentali della persona. E\u2019 inoltre estranea ad ogni forma di discriminazione: politica, religiosa, sociale e razziale, ecc.<\/p>\n<h3>ART. 3<\/h3>\n<p>L\u2019Associazione \u00e8 attualmente affiliata alla Federazione Italiana di Atletica Leggera (F.I.D.A.L.) e alla UISP, ma non esclude la possibilit\u00e0 di affiliarsi ad altre associazioni o enti di promozione sportiva che promuovano attivit\u00e0 e che si ispirino ai propri principi.<\/p>\n<p>Legale rappresentante \u00e8 il presidente pro-tempore.<\/p>\n<p>I colori sociali sono: il rosso, il blu ed il bianco.<\/p>\n<h3>ART. 4<\/h3>\n<p>Fanno parte dell&#8217;ATHLETIC TEAM tutti coloro che ne fanno domanda per iscritto al Consiglio Direttivo accettando incondizionatamente il presente statuto. E\u2019 diritto di ogni socio di opporsi all\u2019ammissione di un socio da parte del Consiglio Direttivo entro 30 (trenta) giorni dalla data di pubblicazione delle iscrizioni da parte del Direttivo, mediante ricorso scritto e contraddittorio motivato, istruita la pratica verr\u00e0 sottoposta al giudizio insindacabile dell\u2019Assemblea dei soci da convocarsi dal Consiglio Direttivo non oltre trenta giorni dalla data del ricevimento del ricorso.<\/p>\n<p>I soci sono tenuti a pagare la quota annuale di iscrizione annualmente stabilita dal Consiglio Direttivo.<\/p>\n<p>Tutti i soci hanno diritto:<\/p>\n<ol>\n<li>al voto in assemblea, se in regola con il pagamento della quota associativa, e ad essere eletti alle cariche sociali<\/li>\n<li>a difendere in competizioni ufficiali i colori sociali<\/li>\n<li> a fruire di tutti i servizi offerti dall\u2019Associazione<\/li>\n<li>a frequentare i locali dell\u2019Associazione<\/li>\n<li>alle eventuali pubblicazioni curate e\\o edite dall\u2019associazione<\/li>\n<li>a fruire di eventuali facilitazioni in occasioni di manifestazioni promosse ed organizzate dall\u2019Associazione<\/li>\n<li>a visionare registri e libri<\/li>\n<\/ol>\n<h3>ART. 5<\/h3>\n<p>Sono organi statutari dell\u2019associazione: l&#8217;ASSEMBLEA DEI SOCI, il PRESIDENTE dell\u2019associazione ed il CONSIGLIO DIRETTIVO.<\/p>\n<h3>ART. 6<\/h3>\n<p>Possono accedere alla carica di Presidente dell\u2019associazione, al Consiglio direttivo, ad eventuali altre cariche societarie, tutti gli associati che partecipano attivamente alla vita della societ\u00e0, recando ad essa con continuit\u00e0 il proprio contributo gratuito con il solo rimborso delle spese sostenute per l\u2019esclusivo espletamento delle funzioni istituzionali esercitate per conto dell\u2019associazione.<\/p>\n<p>L&#8217;ATHLETIC TEAM, perseguendo in modo unitario le proprie scelte educative, tecniche ed associative, sviluppa e garantisce la rappresentanza maschile e femminile a tutti i livelli dell&#8217;organizzazione.<\/p>\n<h3>ART. 7<\/h3>\n<p>L\u2019assemblea, regolarmente costituita, rappresenta l\u2019universalit\u00e0 dei soci e le sue decisioni, prese in conformit\u00e0 alla legge ed al presente statuto, obbligano tutti i soci anche se dissenzienti.<\/p>\n<p>L\u2019Assemblea ha il compito di dare le direttive per la realizzazione degli scopi sociali.<\/p>\n<p>All\u2019Assemblea prendono parte tutti i soci aventi diritto al voto purch\u00e9 in regola con la quota associativa.<\/p>\n<p>Ogni socio avente diritto al voto pu\u00f2 farsi rappresentare in assemblea da un altro socio con opportuna delega. Ogni socio pu\u00f2 essere portatore di solo una delega.<\/p>\n<p>Le assemblee sono ordinarie e straordinarie ai sensi di legge.<\/p>\n<p>Le assemblee, sia ordinarie sia straordinarie, sono presiedute dal Presidente dell\u2019Associazione ed in sua assenza da uno dei Vice Presidenti o in mancanza di quest\u2019ultimo da uno dei soci eletti dall\u2019Assemblea.<\/p>\n<p>L\u2019Assemblea ordinaria \u00e8 convocata almeno una volta all\u2019anno per le decisioni di sua competenza: per approvare e deliberare il programma annuale delle attivit\u00e0 ed il bilancio consuntivo dell\u2019anno precedente e preventivo per l\u2019anno successivo; per l&#8217;eventuale rinnovo delle cariche sociali i cui candidati dovranno essere presentati dal Consiglio sia per acclamazione sia per scrutinio segreto secondo le decisioni dell\u2019assemblea medesima e su quant\u2019altro ad essa riservato dalla legge o dal presente statuto. Inoltre, deve essere convocata quando se ne ravvisi la necessit\u00e0 o quando ne sia fatta richiesta motivata da almeno un decimo degli associati.<\/p>\n<p>L\u2019Assemblea viene indetta dal Presidente dall\u2019Associazione previa deliberazione del Consiglio che ne stabilisce la data e l\u2019ordine del giorno, con avviso ai soci otto giorni prima della data fissata.<\/p>\n<p>L\u2019Assemblea ordinaria \u00e8 valida in prima convocazione quando sia presente la met\u00e0 pi\u00f9 uno dei soci aventi diritto al voto e delibera con maggioranza dei voti dei presenti mentre in seconda convocazione, da tenersi almeno un\u2019ora dopo la prima convocazione l\u2019assemblea sar\u00e0 valida qualunque sia il numero dei soci intervenuti e le deliberazioni verranno prese a maggioranza dei voti dei partecipanti alla medesima.<\/p>\n<p>Delle riunioni dell\u2019assemblea ordinaria deve essere redatto verbale firmato dal Presidente e dal Segretario.<\/p>\n<p>L\u2019Assemblea straordinaria \u00e8 convocata:<\/p>\n<ol>\n<li>dal Presidente o dal Consiglio Direttivo quando ne ravvisano la necessit\u00e0<\/li>\n<li>dietro richiesta di almeno un decimo dei soci.<\/li>\n<\/ol>\n<p>Il Presidente, d\u2019intesa con il Consiglio, ne stabilisce la data, l\u2019ora e l\u2019ordine del giorno, con avviso ai soci almeno otto giorni prima della data fissata.<\/p>\n<p>La modifica dello statuto e lo scioglimento dell\u2019Associazione sono deliberate dall\u2019Assemblea straordinaria.<\/p>\n<p>Per modificare lo Statuto occorrono la presenza dei due terzi degli associati ed il voto favorevole della maggioranza dei presenti.<\/p>\n<p>Per deliberare lo scioglimento dell\u2019Associazione e la devoluzione del patrimonio occorre il voto favorevole del tre quarti degli associati.<\/p>\n<h3>ART. 8<\/h3>\n<p>Le spese di amministrazione della societ\u00e0 e quelle per l&#8217;organizzazione e lo svolgimento delle attivit\u00e0 sono sostenute con le quote associative stabilite annualmente dal Consiglio DIrettivo nella loro entit\u00e0; con gli eventuali proventi di elargizioni pubbliche o private; di sponsorizzazioni; con il ricavato di iniziative interne di sostenimento (lotterie, ecc); entrate varie; eventuali utili e\\o avanzi di gestione relativi a precedenti esercizi.<\/p>\n<p>Il patrimonio dell&#8217;ATHLETIC TEAM \u00e8 costituito dai beni mobili ed immobili gi\u00e0 di propriet\u00e0, e da eventuali altri frutti di donazioni che non devono influenzare o essere in contrasto con scelte operate dall\u2019associazione.<\/p>\n<h3>ART. 9<\/h3>\n<p>Eventuali sponsorizzazioni non devono influenzare o cambiare i principi della societ\u00e0.<\/p>\n<h3>ART. 10<\/h3>\n<p>Ogni due anni l&#8217;Assemblea elegge tra gli associati il Direttivo.<\/p>\n<p>Hanno diritto di voto tutti coloro che hanno compiuto il 16o anno di et\u00e0. I soci di et\u00e0 inferiori ai 16 anni possono farsi rappresentare con pari diritti dei soci da un genitore.<\/p>\n<p>I componenti eletti del Direttivo devono essere 9.<\/p>\n<h3>ART.11<\/h3>\n<p>L\u2019eventuale scioglimento dell\u2019Associazione sar\u00e0 deciso esclusivamente dall\u2019Assemblea riunita in sessione straordinaria con le modalit\u00e0 di cui all\u2019Art. 7 del presente statuto.<\/p>\n<p>In tal caso, dopo che si sar\u00e0 provveduto al saldo di tutte le pendenze passive, le somme restanti saranno devolute a scelta dell\u2019Assemblea in favore di altre associazioni senza scopo di lucro.<\/p>\n<h3>ART. 12<\/h3>\n<p>Il programma annuale delle attivit\u00e0 ed il consuntivo delle stesse vengono adottati ed approvati annualmente dall&#8217;Assemblea  dei soci presenti alla riunione.<\/p>\n<h3>ART. 13<\/h3>\n<p>In attuazione del programma annuale assembleare la vita dell&#8217;ATHLETIC TEAM \u00e8 regolata dalla riunioni del Direttivo, al quale compete in particolare decidere: l&#8217;accettazione delle iscrizioni dei nuovi soci, l&#8217;elaborazione del programma delle attivit\u00e0 e dei relativi preventivi di spesa, la predisposizione del consuntivo delle spese e del documento conclusivo di valutazione dei risultati di ciascuna attivit\u00e0 programmata.<\/p>\n<h3>ART. 14<\/h3>\n<p>Le riunioni del Direttivo sono aperte a tutti i Soci, i quali hanno diritto di intervenire nelle discussioni in corso con proposte, suggerimenti, ecc.<\/p>\n<p>In caso di votazione, votano esclusivamente i componenti del Direttivo.<\/p>\n<h3>ART. 15<\/h3>\n<p>Sono eleggibili nel direttivo tutti i soci che abbiano compiuto il 16o anno di et\u00e0 od i genitori dei soci che non abbiano l&#8217;et\u00e0 elettiva. In caso di dimissioni di un componente, esso verr\u00e0 sostituito dal primo dei non eletti. Prima dello scadere del mandato potranno essere indette nuove elezioni qualora il 30 % dei soci, con apposita raccolta firme, proporr\u00e0 tale eventualit\u00e0, oppure nel caso in cui la maggioranza dei componenti del Direttivo presenti le dimissioni.<\/p>\n<h3>ART. 16<\/h3>\n<p>Il Direttivo al suo interno nominer\u00e0: il Presidente, due Vice-Presidenti, un Responsabile Segreteria, un Responsabile Amministrativo ed un Responsabile Tecnico.<\/p>\n<h3>ART. 17<\/h3>\n<p>Il Direttivo former\u00e0 al suo interno e\/o con altri soci tutte le Commissioni di lavoro che riterr\u00e0 opportune, nominando sempre un coordinatore responsabile di ciascuna, che non deve essere necessariamente un membro del Direttivo, ed a queste detter\u00e0 le linee generali entro le quali dovranno operare. Per eventuali divergenze o nuove elaborazioni le Commissioni dovranno presentare una relazione al Direttivo. Il Direttivo dovr\u00e0 avallare le scelte delle Commissioni dopo averle eventualmente modificate se non risultano in armonia con le direttive impartite. Ai lavori delle Commissioni possono accedere tutti i soci.<\/p>\n<h3>ART.18<\/h3>\n<p>Per tutto ci\u00f2 che non \u00e8 espressamente contemplato dal presente statuto, valgono le norme di legge, i regolamenti della Federazione Italiana di Atletica Leggera e delle eventuali altre Federazioni cui aderisca l\u2019Associazione ed il Codice Civile.<\/p>\n<p>Letto e Approvato il 20 febbraio 2006<\/p>\n<h3>REGOLAMENTO MANIFESTAZIONI<\/h3>\n<p>L&#8217;Athletic Team \u00e8 una societ\u00e0 che organizza l&#8217;attivit\u00e0 al fine di sviluppare lo sport come momento sociale associativo, autogestito (vedi art.1  Statuto). A tale scopo si differenzia da quasi tutte le altre associazioni presenti nel settore.<\/p>\n<p>La conduzione della societ\u00e0 \u00e8 aperta a tutti gli iscritti. Tutti possono e devono portare il loro contributo di idee, proposte, lavoro, solo cos\u00ec la societ\u00e0 potr\u00f2 crescere e svilupparsi.<\/p>\n<p>Tutti possono essere eletti nel Direttivo che si svolge aperto; tutti possono intervenire, formulare proposte, chiedere spiegazioni ecc\u2026(vedi Statuto).<\/p>\n<p>Il Direttivo \u00e8 la struttura che conduce l&#8217;Athletic Team.<\/p>\n<p>L&#8217;Athletic Team segue un proprio calendario approvato dal Direttivo su indicazioni della Commissione Tecnica.<\/p>\n<p>L&#8217;Athletic Team pu\u00f2, causa diversi tipi di impegno, es. gare settore giovanile, assoluto o amatori essere presente su diversi campi di gara.<\/p>\n<p>In caso di non specificit\u00e0 delle manifestazioni l&#8217;Athletic Team sar\u00e0 presente su un suolo campo gara, al fine  di sviluppare la conoscenza, l&#8217;aggregazione e la partecipazione degli iscritti.<\/p>\n<p>La societ\u00e0 ha alcune scadenze dove richiede una presenza quasi sicura al fine di conseguire risultati di squadra.<\/p>\n<p>Inverno: trofeo Monga: Camp. Reg. Corsa Campestre di Societ\u00e0 (pi\u00f9 prove)<\/p>\n<p>Primavera: 24 x 1 ora  Maxi Staffetta a squadre<\/p>\n<p>Estate: campionato Regionale Pista Societ\u00e0 Amatori<\/p>\n<p>Novembre: l&#8217;Athletic Team organizza una propria gara, \u00e8 richiesto a tal fine l&#8217;aiuto di tutti.<\/p>\n<p>L&#8217;Athletic Team mette a disposizione degli iscritti, degli amici e simpatizzanti le sue strutture: campo di atletica di Via Piemonte corredato di palestrina.<\/p>\n<p>Gli orari di utilizzo degli impianti sono stabiliti dal Direttivo.<\/p>\n","protected":false},"excerpt":{"rendered":"<p>ART. 1 L&#8217;associazione Dilettantistica ATHLETIC TEAM \u00e8 un&#8217;associazione sportiva senza scopo di lucro, costituita a tempo indeterminato, che ha come fine la promozione di un movimento che viva l&#8217;esperienza dello [&hellip;]<\/p>\n","protected":false},"author":1,"featured_media":707,"parent":4,"menu_order":2,"comment_status":"closed","ping_status":"open","template":"","meta":{"footnotes":""},"class_list":["post-7","page","type-page","status-publish","has-post-thumbnail","hentry"],"_links":{"self":[{"href":"https:\/\/www.athleticteampioltello.it\/index.php?rest_route=\/wp\/v2\/pages\/7","targetHints":{"allow":["GET"]}}],"collection":[{"href":"https:\/\/www.athleticteampioltello.it\/index.php?rest_route=\/wp\/v2\/pages"}],"about":[{"href":"https:\/\/www.athleticteampioltello.it\/index.php?rest_route=\/wp\/v2\/types\/page"}],"author":[{"embeddable":true,"href":"https:\/\/www.athleticteampioltello.it\/index.php?rest_route=\/wp\/v2\/users\/1"}],"replies":[{"embeddable":true,"href":"https:\/\/www.athleticteampioltello.it\/index.php?rest_route=%2Fwp%2Fv2%2Fcomments&post=7"}],"version-history":[{"count":15,"href":"https:\/\/www.athleticteampioltello.it\/index.php?rest_route=\/wp\/v2\/pages\/7\/revisions"}],"predecessor-version":[{"id":393,"href":"https:\/\/www.athleticteampioltello.it\/index.php?rest_route=\/wp\/v2\/pages\/7\/revisions\/393"}],"up":[{"embeddable":true,"href":"https:\/\/www.athleticteampioltello.it\/index.php?rest_route=\/wp\/v2\/pages\/4"}],"wp:featuredmedia":[{"embeddable":true,"href":"https:\/\/www.athleticteampioltello.it\/index.php?rest_route=\/wp\/v2\/media\/707"}],"wp:attachment":[{"href":"https:\/\/www.athleticteampioltello.it\/index.php?rest_route=%2Fwp%2Fv2%2Fmedia&parent=7"}],"curies":[{"name":"wp","href":"https:\/\/api.w.org\/{rel}","templated":true}]}}