
{"id":920,"date":"2011-06-04T11:27:13","date_gmt":"2011-06-04T09:27:13","guid":{"rendered":"http:\/\/www.athleticteampioltello.it\/?page_id=920"},"modified":"2016-09-30T19:09:46","modified_gmt":"2016-09-30T17:09:46","slug":"le-attivita","status":"publish","type":"page","link":"https:\/\/www.athleticteampioltello.it\/?page_id=920","title":{"rendered":"Le attivit\u00e0"},"content":{"rendered":"<p><strong><em><a href=\"http:\/\/www.athleticteampioltello.it\/wp-content\/uploads\/2011\/06\/sportintenso.jpg\"><img loading=\"lazy\" decoding=\"async\" class=\"alignright size-thumbnail wp-image-1068\" title=\"sportintenso\" src=\"http:\/\/www.athleticteampioltello.it\/wp-content\/uploads\/2011\/06\/sportintenso-150x150.jpg\" alt=\"\" width=\"150\" height=\"150\" srcset=\"https:\/\/www.athleticteampioltello.it\/wp-content\/uploads\/2011\/06\/sportintenso-150x150.jpg 150w, https:\/\/www.athleticteampioltello.it\/wp-content\/uploads\/2011\/06\/sportintenso-36x36.jpg 36w, https:\/\/www.athleticteampioltello.it\/wp-content\/uploads\/2011\/06\/sportintenso-115x115.jpg 115w\" sizes=\"auto, (max-width: 150px) 100vw, 150px\" \/><\/a>CORSO DI AVVIAMENTO ALLO SPORT<\/em><br \/>\n<\/strong>rivolto ai bambini delle scuole elementari tenuto da un istruttore FIDAL qualificato e un&#8217;insegnante laureata in scienze motorie.<br \/>\nSi tiene il <em>martedi e venerdi <\/em>dalle 17:00 alle 18:00 presso il Centro Sportivo di Via Piemonte.<\/p>\n<p><em><strong>ATLETICA<\/strong><\/em> <em><strong>PER TUTTI!<\/strong><\/em><br \/>\npresso il Centro Sportivo di via Piemonte, a Pioltello<br \/>\ndal luned\u00ec al venerd\u00ec dalle ore 18.30 alle ore 20.00<br \/>\nL\u2019attivit\u00e0 \u00e8 strutturata in:<\/p>\n<ul>\n<li>SETTORE GIOVANILE (ragazzi delle scuole medie inferiori e superiori)<\/li>\n<li>SETTORE ASSOLUTO (per coloro che vogliono fare l\u2019attivit\u00e0 agonistica)<\/li>\n<li>SETTORE AMATORIALE (dai 20 ai 100 anni, per coloro che vogliono correre senza praticare dell\u2019agonismo allo \u201cstato puro\u201d)<\/li>\n<\/ul>\n<p><strong><em>CORSO &#8220;DI CORSA&#8221;<\/em><\/strong><br \/>\nIl corso, tenuto da un Tecnico Federale, \u00e8 rivolto a chi vuole iniziare l&#8217;attivit\u00e0 della corsa.<br \/>\nGli argomenti trattati saranno: tecniche fondamentali di allenamento, abbigliamento, alimentazione e ginnastica complementare.<br \/>\nIl corso si terr\u00e0 presso il Campo Sportivo di via Piemonte a Pioltello il luned\u00ec, mercoled\u00ec e venerd\u00ec dalle 18.30 alle 20.00.<\/p>\n<p><strong><em>CORSI DI GINNASTICA DI MANTENIMENTO<\/em><\/strong><br \/>\nper tutti coloro che vogliono <em>tenersi in forma<br \/>\n<\/em>Si tengono:<\/p>\n<ul>\n<li>il mercoledi e venerdi (20:00 &#8211;\u00a0 21:30) presso la palestra piccola di via Bizet &#8211;\u00a0 Pioltello<\/li>\n<li>il mercoledi e il venerdi (20:30 &#8211; 22:00) presso la palestra di via Milano &#8211; Pioltello<\/li>\n<li>il lunedi e giovedi (20:00 &#8211; 21:30) presso la palestra di via Molise &#8211; Limito<\/li>\n<\/ul>\n<p><em><strong>TAI CHI CHUAN<\/strong><\/em><br \/>\ncon un istruttore qualificato, presso la palestra del plesso scolastico Segantini, via Molise, a Limito ogni luned\u00ec e venerd\u00ec dalle ore 20:00 alle 21:30.<br \/>\nAperto a tutti.<\/p>\n<p><em><strong>CORSO DI YOGA<\/strong><\/em><br \/>\ncon un\u2019insegnante specializzata, presso la palestra di via Galilei a Seggiano nei giorni di marted\u00ec e gioved\u00ec dalle ore 19:00 alle ore 20:30.<\/p>\n<p><em><strong>BALLO<\/strong><\/em> <em><strong>\u201cSENZA STRESS\u201d<\/strong><\/em><br \/>\ncon un\u2019insegnante specializzata.<\/p>\n<ul>\n<li>corso per principanti<\/li>\n<li>corso avanzato<\/li>\n<li>ballo sociale<\/li>\n<\/ul>\n<p>Informazioni: il venerd\u00ec dalle 20,30 presso il Centro Sportivo di Via Piemonte &#8211; Pioltello.<\/p>\n<p><em>Clicca per scaricare il volantino con il riepilogo di tutte le attivit\u00e0: <a href=\"http:\/\/www.athleticteampioltello.it\/public\/docs\/documenti\/2013\/Corsi_2013-14.pdf\" target=\"_blank\"><span style=\"text-decoration: underline;\"><strong><span style=\"color: #3366ff; text-decoration: underline;\">LINK<\/span><\/strong><\/span><\/a><\/em><\/p>\n","protected":false},"excerpt":{"rendered":"<p>CORSO DI AVVIAMENTO ALLO SPORT rivolto ai bambini delle scuole elementari tenuto da un istruttore FIDAL qualificato e un&#8217;insegnante laureata in scienze motorie. Si tiene il martedi e venerdi dalle [&hellip;]<\/p>\n","protected":false},"author":1,"featured_media":0,"parent":4,"menu_order":3,"comment_status":"closed","ping_status":"open","template":"","meta":{"footnotes":""},"class_list":["post-920","page","type-page","status-publish","hentry"],"_links":{"self":[{"href":"https:\/\/www.athleticteampioltello.it\/index.php?rest_route=\/wp\/v2\/pages\/920","targetHints":{"allow":["GET"]}}],"collection":[{"href":"https:\/\/www.athleticteampioltello.it\/index.php?rest_route=\/wp\/v2\/pages"}],"about":[{"href":"https:\/\/www.athleticteampioltello.it\/index.php?rest_route=\/wp\/v2\/types\/page"}],"author":[{"embeddable":true,"href":"https:\/\/www.athleticteampioltello.it\/index.php?rest_route=\/wp\/v2\/users\/1"}],"replies":[{"embeddable":true,"href":"https:\/\/www.athleticteampioltello.it\/index.php?rest_route=%2Fwp%2Fv2%2Fcomments&post=920"}],"version-history":[{"count":28,"href":"https:\/\/www.athleticteampioltello.it\/index.php?rest_route=\/wp\/v2\/pages\/920\/revisions"}],"predecessor-version":[{"id":1062,"href":"https:\/\/www.athleticteampioltello.it\/index.php?rest_route=\/wp\/v2\/pages\/920\/revisions\/1062"}],"up":[{"embeddable":true,"href":"https:\/\/www.athleticteampioltello.it\/index.php?rest_route=\/wp\/v2\/pages\/4"}],"wp:attachment":[{"href":"https:\/\/www.athleticteampioltello.it\/index.php?rest_route=%2Fwp%2Fv2%2Fmedia&parent=920"}],"curies":[{"name":"wp","href":"https:\/\/api.w.org\/{rel}","templated":true}]}}